{"id":1169,"date":"2025-02-17T18:03:22","date_gmt":"2025-02-17T17:03:22","guid":{"rendered":"https:\/\/www.troissant.com\/filosofia\/"},"modified":"2025-03-21T18:39:06","modified_gmt":"2025-03-21T17:39:06","slug":"filosofia","status":"publish","type":"page","link":"https:\/\/www.troissant.com\/es\/filosofia\/","title":{"rendered":"Filosof\u00eda"},"content":{"rendered":"\t\t<div data-elementor-type=\"wp-page\" data-elementor-id=\"1169\" class=\"elementor elementor-1169 elementor-18\" data-elementor-post-type=\"page\">\n\t\t\t\t<div class=\"elementor-element elementor-element-084db7d e-con-full e-flex e-con e-parent\" data-id=\"084db7d\" data-element_type=\"container\">\n\t\t<div class=\"elementor-element elementor-element-4ce0f4b e-con-full e-flex e-con e-child\" data-id=\"4ce0f4b\" data-element_type=\"container\">\n\t\t\t\t<div class=\"elementor-element elementor-element-e8394fa elementor-widget elementor-widget-image\" data-id=\"e8394fa\" data-element_type=\"widget\" data-widget_type=\"image.default\">\n\t\t\t\t<div class=\"elementor-widget-container\">\n\t\t\t\t\t\t\t\t\t\t\t\t\t\t\t<img fetchpriority=\"high\" decoding=\"async\" width=\"800\" height=\"800\" src=\"https:\/\/www.troissant.com\/wp-content\/uploads\/troissant-simbologia-1024x1024.jpg\" class=\"attachment-large size-large wp-image-508\" alt=\"\" srcset=\"https:\/\/www.troissant.com\/wp-content\/uploads\/troissant-simbologia-1024x1024.jpg 1024w, https:\/\/www.troissant.com\/wp-content\/uploads\/troissant-simbologia-300x300.jpg 300w, https:\/\/www.troissant.com\/wp-content\/uploads\/troissant-simbologia-150x150.jpg 150w, https:\/\/www.troissant.com\/wp-content\/uploads\/troissant-simbologia-768x769.jpg 768w, https:\/\/www.troissant.com\/wp-content\/uploads\/troissant-simbologia.jpg 1250w\" sizes=\"(max-width: 800px) 100vw, 800px\" \/>\t\t\t\t\t\t\t\t\t\t\t\t\t\t\t<\/div>\n\t\t\t\t<\/div>\n\t\t\t\t<\/div>\n\t\t<div class=\"elementor-element elementor-element-1f2de73 e-con-full e-flex e-con e-child\" data-id=\"1f2de73\" data-element_type=\"container\">\n\t\t\t\t<div class=\"elementor-element elementor-element-5945468 elementor-widget elementor-widget-heading\" data-id=\"5945468\" data-element_type=\"widget\" data-widget_type=\"heading.default\">\n\t\t\t\t<div class=\"elementor-widget-container\">\n\t\t\t\t\t<h2 class=\"elementor-heading-title elementor-size-default\">Filosof\u00eda<\/h2>\t\t\t\t<\/div>\n\t\t\t\t<\/div>\n\t\t\t\t<div class=\"elementor-element elementor-element-fb5698f elementor-widget elementor-widget-text-editor\" data-id=\"fb5698f\" data-element_type=\"widget\" data-widget_type=\"text-editor.default\">\n\t\t\t\t<div class=\"elementor-widget-container\">\n\t\t\t\t\t\t\t\t\t<p>El Troissant es una reinterpretaci\u00f3n del croissant tradicional. Es un experimento surrealista. Primero lo vimos, difuminado, en un paisaje del Empord\u00e0: una roca con tres cabezas de maniqu\u00ed cantando habaneras. No era realidad, era surrealidad. El objeto fue abland\u00e1ndose capa tras capa, y de la creaci\u00f3n y la fantas\u00eda naci\u00f3 un alimento de tres cuernos listo para ser consumido. Es una de las fases del surrealismo: el objeto de fantas\u00eda se vuelve comestible. Sin embargo, esta no es la \u00faltima fase surrealista, pues este genuino Troissant necesita completar el ciclo con un mordisco. Lo encontrar\u00e1s en ferias y eventos, en casa de un amigo o, por qu\u00e9 no, en un museo, donde t\u00fa le dar\u00e1s su significado final.<\/p>\n\t\t\t\t\t\t\t\t<\/div>\n\t\t\t\t<\/div>\n\t\t\t\t<\/div>\n\t\t\t\t<\/div>\n\t\t<div class=\"elementor-element elementor-element-8fdcde5 e-con-full e-flex e-con e-parent\" data-id=\"8fdcde5\" data-element_type=\"container\" data-settings=\"{&quot;background_background&quot;:&quot;classic&quot;}\">\n\t\t\t\t<div class=\"elementor-element elementor-element-b0d3a76 elementor-widget elementor-widget-heading\" data-id=\"b0d3a76\" data-element_type=\"widget\" data-widget_type=\"heading.default\">\n\t\t\t\t<div class=\"elementor-widget-container\">\n\t\t\t\t\t<h2 class=\"elementor-heading-title elementor-size-default\">Simbolog\u00eda<\/h2>\t\t\t\t<\/div>\n\t\t\t\t<\/div>\n\t\t\t\t<div class=\"elementor-element elementor-element-5514733 elementor-widget elementor-widget-heading\" data-id=\"5514733\" data-element_type=\"widget\" data-widget_type=\"heading.default\">\n\t\t\t\t<div class=\"elementor-widget-container\">\n\t\t\t\t\t<h2 class=\"elementor-heading-title elementor-size-default\">Padre, hijo y esp\u00edritu troisSant<\/h2>\t\t\t\t<\/div>\n\t\t\t\t<\/div>\n\t\t\t\t<div class=\"elementor-element elementor-element-ff9c3d3 elementor-widget elementor-widget-text-editor\" data-id=\"ff9c3d3\" data-element_type=\"widget\" data-widget_type=\"text-editor.default\">\n\t\t\t\t<div class=\"elementor-widget-container\">\n\t\t\t\t\t\t\t\t\t<p>La simbolog\u00eda del Troissant es inabarcable. Desde la tr\u00edada capitolina, pasando por la Sant\u00edsima Trinidad hasta el cuento de \u201cLos tres cerditos\u201d. Desde Tales con sus tres deseos para la gente a la que amaba: dinero, amor y salud, hasta las tres mellizas. \u00bfConoces el dicho \u201ca la tercera va la vencida\u201d? Pues para el juda\u00edsmo, si algo se logra tres veces, representa permanencia y estabilidad. Por eso, en la C\u00e1bala, este n\u00famero significa paz e integraci\u00f3n. El tercer d\u00eda, seg\u00fan la Biblia, adem\u00e1s de crearse los oc\u00e9anos, la Tierra se embelleci\u00f3 con frutas, flores y vegetaci\u00f3n. Y si le preguntas a ChatGPT, para \u00e9l significa un s\u00edmbolo de estabilidad, como un tr\u00edpode, pero al mismo tiempo creatividad y movimiento, ya que muchas historias se desarrollan en tres actos. Los tres cuernos del Troissant tambi\u00e9n son estables y, a la vez, din\u00e1micos, porque pueden tener sabores diferentes. Cada cuerno es una historia con personalidad propia que solo puedes descubrir con un Troissant entre las manos.<\/p>\n\t\t\t\t\t\t\t\t<\/div>\n\t\t\t\t<\/div>\n\t\t\t\t<\/div>\n\t\t<div class=\"elementor-element elementor-element-b8063c1 e-con-full e-flex e-con e-parent\" data-id=\"b8063c1\" data-element_type=\"container\">\n\t\t<div class=\"elementor-element elementor-element-531b6d0 e-con-full e-flex e-con e-child\" data-id=\"531b6d0\" data-element_type=\"container\">\n\t\t\t\t<div class=\"elementor-element elementor-element-7383b46 elementor-widget elementor-widget-heading\" data-id=\"7383b46\" data-element_type=\"widget\" data-widget_type=\"heading.default\">\n\t\t\t\t<div class=\"elementor-widget-container\">\n\t\t\t\t\t<h2 class=\"elementor-heading-title elementor-size-default\">El Troissant,<br>exhala Empord\u00e0<br>por sus tres cuernos.<\/h2>\t\t\t\t<\/div>\n\t\t\t\t<\/div>\n\t\t\t\t<div class=\"elementor-element elementor-element-cba125e elementor-widget elementor-widget-text-editor\" data-id=\"cba125e\" data-element_type=\"widget\" data-widget_type=\"text-editor.default\">\n\t\t\t\t<div class=\"elementor-widget-container\">\n\t\t\t\t\t\t\t\t\t<p>El Empord\u00e0 es el lugar donde suceden cosas, tanto cotidianas como extra\u00f1as y m\u00e1gicas. Podr\u00edamos decir que lo tiene todo. Su m\u00edstica es conocida en todas partes y nadie sabe de d\u00f3nde surge el genio que se ha creado a su alrededor. Los dise\u00f1adores del Troissant llevan el ADN del Empord\u00e0, y por eso esta pieza de pasteler\u00eda exhala Empord\u00e0 por sus tres cuernos. Tres cuernos que pueden representar sus l\u00edmites territoriales: a la izquierda (cuerno oeste), la Garrotxa y el Pla de l\u2019Estany; el cuerno central (norte), el Vallespir y el Rosell\u00f3n; y el cuerno derecho (este), el litoral mediterr\u00e1neo o, como m\u00e1s nos gusta llamarlo, la Costa Brava. La parte central del croissant, al sur, representa a nuestros hermanos del Baix Empord\u00e0. El Troissant es Empord\u00e0: una barca, una nube de tramontana, un pico desde donde se ve la bah\u00eda, el cuerno de un toro pastando en Sant Quirze. Lo que est\u00e1 claro es que el Troissant exhala Empord\u00e0 por sus tres cuernos.<\/p>\n\t\t\t\t\t\t\t\t<\/div>\n\t\t\t\t<\/div>\n\t\t\t\t<\/div>\n\t\t<div class=\"elementor-element elementor-element-ed94ef8 e-con-full e-flex e-con e-child\" data-id=\"ed94ef8\" data-element_type=\"container\">\n\t\t\t\t<div class=\"elementor-element elementor-element-2649608 elementor-widget elementor-widget-image\" data-id=\"2649608\" data-element_type=\"widget\" data-widget_type=\"image.default\">\n\t\t\t\t<div class=\"elementor-widget-container\">\n\t\t\t\t\t\t\t\t\t\t\t\t\t\t\t<img decoding=\"async\" width=\"800\" height=\"800\" src=\"https:\/\/www.troissant.com\/wp-content\/uploads\/troiss-emporda-1024x1024.gif\" class=\"attachment-large size-large wp-image-635\" alt=\"\" srcset=\"https:\/\/www.troissant.com\/wp-content\/uploads\/troiss-emporda-1024x1024.gif 1024w, https:\/\/www.troissant.com\/wp-content\/uploads\/troiss-emporda-300x300.gif 300w, https:\/\/www.troissant.com\/wp-content\/uploads\/troiss-emporda-150x150.gif 150w, https:\/\/www.troissant.com\/wp-content\/uploads\/troiss-emporda-768x768.gif 768w\" sizes=\"(max-width: 800px) 100vw, 800px\" \/>\t\t\t\t\t\t\t\t\t\t\t\t\t\t\t<\/div>\n\t\t\t\t<\/div>\n\t\t\t\t<\/div>\n\t\t\t\t<\/div>\n\t\t\t\t<\/div>\n\t\t","protected":false},"excerpt":{"rendered":"<p>Filosof\u00eda El Troissant es una reinterpretaci\u00f3n del croissant tradicional. Es un experimento surrealista. Primero lo vimos, difuminado, en un paisaje del Empord\u00e0: una roca con tres cabezas de maniqu\u00ed cantando habaneras. No era realidad, era surrealidad. El objeto fue abland\u00e1ndose capa tras capa, y de la creaci\u00f3n y la fantas\u00eda naci\u00f3 un alimento de tres [&hellip;]<\/p>\n","protected":false},"author":1,"featured_media":0,"parent":0,"menu_order":0,"comment_status":"closed","ping_status":"closed","template":"","meta":{"footnotes":""},"class_list":["post-1169","page","type-page","status-publish","hentry"],"_links":{"self":[{"href":"https:\/\/www.troissant.com\/es\/wp-json\/wp\/v2\/pages\/1169","targetHints":{"allow":["GET"]}}],"collection":[{"href":"https:\/\/www.troissant.com\/es\/wp-json\/wp\/v2\/pages"}],"about":[{"href":"https:\/\/www.troissant.com\/es\/wp-json\/wp\/v2\/types\/page"}],"author":[{"embeddable":true,"href":"https:\/\/www.troissant.com\/es\/wp-json\/wp\/v2\/users\/1"}],"replies":[{"embeddable":true,"href":"https:\/\/www.troissant.com\/es\/wp-json\/wp\/v2\/comments?post=1169"}],"version-history":[{"count":1,"href":"https:\/\/www.troissant.com\/es\/wp-json\/wp\/v2\/pages\/1169\/revisions"}],"predecessor-version":[{"id":1170,"href":"https:\/\/www.troissant.com\/es\/wp-json\/wp\/v2\/pages\/1169\/revisions\/1170"}],"wp:attachment":[{"href":"https:\/\/www.troissant.com\/es\/wp-json\/wp\/v2\/media?parent=1169"}],"curies":[{"name":"wp","href":"https:\/\/api.w.org\/{rel}","templated":true}]}}